{"id":33943,"date":"2024-02-11T00:34:10","date_gmt":"2024-02-10T22:34:10","guid":{"rendered":"https:\/\/pokkareindeermeat.com\/?page_id=33943"},"modified":"2024-10-09T15:37:29","modified_gmt":"2024-10-09T13:37:29","slug":"products","status":"publish","type":"page","link":"https:\/\/pokkareindeermeat.com\/es\/products\/","title":{"rendered":"PRODUCTS"},"content":{"rendered":"<p>[et_pb_section fb_built=&#8221;1&#8243; _builder_version=&#8221;4.24.3&#8243; _module_preset=&#8221;default&#8221; background_color=&#8221;#212121&#8243; custom_margin_tablet=&#8221;&#8221; custom_margin_phone=&#8221;&#8221; custom_margin_last_edited=&#8221;on|desktop&#8221; custom_padding=&#8221;0px||0px||false|false&#8221; global_colors_info=&#8221;{}&#8221;][et_pb_row _builder_version=&#8221;4.24.3&#8243; _module_preset=&#8221;default&#8221; global_colors_info=&#8221;{}&#8221;][et_pb_column type=&#8221;4_4&#8243; _builder_version=&#8221;4.24.3&#8243; _module_preset=&#8221;default&#8221; global_colors_info=&#8221;{}&#8221;][et_pb_text _builder_version=&#8221;4.24.3&#8243; _module_preset=&#8221;default&#8221; text_font=&#8221;Inter||||||||&#8221; text_text_color=&#8221;#000000&#8243; header_font=&#8221;Inter||||||||&#8221; header_text_align=&#8221;center&#8221; hover_enabled=&#8221;0&#8243; global_colors_info=&#8221;{}&#8221; sticky_enabled=&#8221;0&#8243;]<\/p>\n<h1 <span style=\"font-family: Inter, sans-serif; **font-weight: bold**; font-size: 28px; color: white; text-align: center;\">Productos De Carne De Reno En Espa\u00f1a<\/span><\/h1>\n<p>[\/et_pb_text][\/et_pb_column][\/et_pb_row][\/et_pb_section][et_pb_section fb_built=&#8221;1&#8243; custom_padding_last_edited=&#8221;on|phone&#8221; admin_label=&#8221;Header &#038; Blog&#8221; _builder_version=&#8221;4.24.0&#8243; _module_preset=&#8221;default&#8221; background_enable_color=&#8221;off&#8221; custom_padding=&#8221;25px||25px||false|false&#8221; custom_padding_tablet=&#8221;0px||0px||false|false&#8221; custom_padding_phone=&#8221;0px||0px||false|false&#8221; collapsed=&#8221;on&#8221; global_colors_info=&#8221;{%22gcid-4ca9fcd2-80ab-4ebb-8b8c-cbc710883478%22:%91%22background_color%22%93,%22gcid-95530a2b-5e91-45c7-8ffb-59bb0a37f154%22:%91%22background_mask_color%22%93}&#8221;][et_pb_row _builder_version=&#8221;4.22.0&#8243; _module_preset=&#8221;default&#8221; global_colors_info=&#8221;{}&#8221;][et_pb_column type=&#8221;4_4&#8243; _builder_version=&#8221;4.22.0&#8243; _module_preset=&#8221;default&#8221; global_colors_info=&#8221;{}&#8221;][et_pb_text _builder_version=&#8221;4.24.3&#8243; _module_preset=&#8221;default&#8221; text_font=&#8221;Inter||||||||&#8221; text_text_color=&#8221;#000000&#8243; text_font_size=&#8221;18px&#8221; header_2_font=&#8221;Inter||||||||&#8221; header_2_text_align=&#8221;center&#8221; global_colors_info=&#8221;{}&#8221;]<\/p>\n<h2><span style=\"font-family: Inter, sans-serif; **font-weight: bold**; font-size: 28px; color: black; text-align: center;\">Cortes De Carne De Reno<\/span><\/h2>\n<p><span style=\"font-family: Inter, sans-serif; font-weight: normal; font-size: 18px; color: black; text-align: left;\">Donde la tradici\u00f3n se encuentra con la innovaci\u00f3n: Explora nuestra meticulosamente seleccionada variedad de cortes de carne de reno. Cada rebanada narra historias de paisajes \u00e1rticos, antiguas tradiciones y destreza gastron\u00f3mica. Desde el solomillo hasta las costillas, estos cortes de carne de reno encarnan el esp\u00edritu de la naturaleza salvaje de Laponia.<\/span>[\/et_pb_text][et_pb_blog posts_number=&#8221;17&#8243; include_categories=&#8221;117&#8243; use_manual_excerpt=&#8221;off&#8221; excerpt_length=&#8221;0&#8243; show_date=&#8221;off&#8221; show_categories=&#8221;off&#8221; _builder_version=&#8221;4.24.3&#8243; _module_preset=&#8221;6b2b3155-6c52-47a0-8d0b-f3e919ce4c47&#8243; header_level=&#8221;h3&#8243; header_font=&#8221;Inter||||||||&#8221; header_text_align=&#8221;center&#8221; header_font_size=&#8221;24px&#8221; body_text_color=&#8221;gcid-bc0cabfc-74a6-44b3-8d4b-f623405de816&#8243; meta_text_color=&#8221;gcid-4ca9fcd2-80ab-4ebb-8b8c-cbc710883478&#8243; meta_font_size=&#8221;16px&#8221; header_font_size_tablet=&#8221;24px&#8221; header_font_size_phone=&#8221;24px&#8221; header_font_size_last_edited=&#8221;on|phone&#8221; custom_css_free_form=&#8221;.et_pb_image_container {||  margin: 0;||}&#8221; border_color_all=&#8221;gcid-95530a2b-5e91-45c7-8ffb-59bb0a37f154&#8243; locked=&#8221;off&#8221; global_colors_info=&#8221;{%22gcid-95530a2b-5e91-45c7-8ffb-59bb0a37f154%22:%91%22border_color_all%22,%22pagination_text_color%22,%22border_color_all%22,%22pagination_text_color%22,%22border_color_all%22%93,%22gcid-4ca9fcd2-80ab-4ebb-8b8c-cbc710883478%22:%91%22meta_text_color%22%93,%22gcid-bc0cabfc-74a6-44b3-8d4b-f623405de816%22:%91%22body_text_color%22%93}&#8221;][\/et_pb_blog][et_pb_text _builder_version=&#8221;4.24.3&#8243; _module_preset=&#8221;default&#8221; text_font=&#8221;Inter||||||||&#8221; text_text_color=&#8221;#000000&#8243; text_font_size=&#8221;18px&#8221; header_2_font=&#8221;Inter||||||||&#8221; header_2_text_align=&#8221;center&#8221; global_colors_info=&#8221;{}&#8221;]<\/p>\n<h2><span style=\"font-family: Inter, sans-serif; **font-weight: bold**; font-size: 28px; color: black; text-align: left;\">Carne De Reno En Lonchas<\/span><\/h2>\n<p><span style=\"font-family: Inter, sans-serif; font-weight: normal; font-size: 18px; color: black; text-align: left;\">Conveniencia y sabor: Eficiencia culinaria, nuestra carne de reno en lonchas ofrece versatilidad y sabor. Ya sea que est\u00e9s preparando un banquete o una comida r\u00e1pida, estas rodajas transmiten la esencia de Laponia.<\/span>[\/et_pb_text][et_pb_blog posts_number=&#8221;5&#8243; include_categories=&#8221;123&#8243; use_manual_excerpt=&#8221;off&#8221; excerpt_length=&#8221;0&#8243; show_date=&#8221;off&#8221; show_categories=&#8221;off&#8221; _builder_version=&#8221;4.24.3&#8243; _module_preset=&#8221;6b2b3155-6c52-47a0-8d0b-f3e919ce4c47&#8243; header_level=&#8221;h3&#8243; header_font=&#8221;Inter||||||||&#8221; header_text_align=&#8221;center&#8221; header_font_size=&#8221;24px&#8221; body_text_color=&#8221;gcid-bc0cabfc-74a6-44b3-8d4b-f623405de816&#8243; meta_text_color=&#8221;gcid-4ca9fcd2-80ab-4ebb-8b8c-cbc710883478&#8243; meta_font_size=&#8221;16px&#8221; header_font_size_tablet=&#8221;24px&#8221; header_font_size_phone=&#8221;24px&#8221; header_font_size_last_edited=&#8221;on|phone&#8221; custom_css_free_form=&#8221;.et_pb_image_container {||  margin: 0;||}&#8221; border_color_all=&#8221;gcid-95530a2b-5e91-45c7-8ffb-59bb0a37f154&#8243; locked=&#8221;off&#8221; global_colors_info=&#8221;{%22gcid-95530a2b-5e91-45c7-8ffb-59bb0a37f154%22:%91%22border_color_all%22,%22pagination_text_color%22,%22border_color_all%22,%22pagination_text_color%22,%22border_color_all%22%93,%22gcid-4ca9fcd2-80ab-4ebb-8b8c-cbc710883478%22:%91%22meta_text_color%22%93,%22gcid-bc0cabfc-74a6-44b3-8d4b-f623405de816%22:%91%22body_text_color%22%93}&#8221;][\/et_pb_blog][et_pb_text _builder_version=&#8221;4.24.3&#8243; _module_preset=&#8221;default&#8221; text_font=&#8221;Inter||||||||&#8221; text_text_color=&#8221;#000000&#8243; text_font_size=&#8221;18px&#8221; header_2_font=&#8221;Inter||||||||&#8221; header_2_text_align=&#8221;center&#8221; global_colors_info=&#8221;{}&#8221;]<\/p>\n<h2><span style=\"font-family: Inter, sans-serif; **font-weight: bold**; font-size: 28px; color: black; text-align: left;\">Carne De Venado En Lonchas<\/span><\/h2>\n<p><span style=\"font-family: Inter, sans-serif; font-weight: normal; font-size: 18px; color: black; text-align: left;\">Una sinfon\u00eda de sabores del bosque: Avent\u00farate m\u00e1s all\u00e1 de la carne de reno con nuestras ofertas de carne de venado. Estas lonchas evocan la naturaleza salvaje, invit\u00e1ndote a saborear la audacia de la caza.<\/span>[\/et_pb_text][et_pb_blog posts_number=&#8221;2&#8243; include_categories=&#8221;124&#8243; use_manual_excerpt=&#8221;off&#8221; excerpt_length=&#8221;0&#8243; show_date=&#8221;off&#8221; show_categories=&#8221;off&#8221; _builder_version=&#8221;4.24.3&#8243; _module_preset=&#8221;6b2b3155-6c52-47a0-8d0b-f3e919ce4c47&#8243; header_level=&#8221;h3&#8243; header_font=&#8221;Inter||||||||&#8221; header_text_align=&#8221;center&#8221; header_font_size=&#8221;24px&#8221; body_text_color=&#8221;gcid-bc0cabfc-74a6-44b3-8d4b-f623405de816&#8243; meta_text_color=&#8221;gcid-4ca9fcd2-80ab-4ebb-8b8c-cbc710883478&#8243; meta_font_size=&#8221;16px&#8221; header_font_size_tablet=&#8221;24px&#8221; header_font_size_phone=&#8221;24px&#8221; header_font_size_last_edited=&#8221;on|phone&#8221; custom_css_free_form=&#8221;.et_pb_image_container {||  margin: 0;||}&#8221; border_color_all=&#8221;gcid-95530a2b-5e91-45c7-8ffb-59bb0a37f154&#8243; locked=&#8221;off&#8221; global_colors_info=&#8221;{%22gcid-95530a2b-5e91-45c7-8ffb-59bb0a37f154%22:%91%22border_color_all%22,%22pagination_text_color%22,%22border_color_all%22,%22pagination_text_color%22,%22border_color_all%22%93,%22gcid-4ca9fcd2-80ab-4ebb-8b8c-cbc710883478%22:%91%22meta_text_color%22%93,%22gcid-bc0cabfc-74a6-44b3-8d4b-f623405de816%22:%91%22body_text_color%22%93}&#8221;][\/et_pb_blog][et_pb_text _builder_version=&#8221;4.24.3&#8243; _module_preset=&#8221;default&#8221; text_font=&#8221;Inter||||||||&#8221; text_text_color=&#8221;#000000&#8243; text_font_size=&#8221;18px&#8221; header_2_font=&#8221;Inter||||||||&#8221; header_2_text_align=&#8221;center&#8221; global_colors_info=&#8221;{}&#8221;]<\/p>\n<h2><span style=\"font-family: Inter, sans-serif; **font-weight: bold**; font-size: 28px; color: black; text-align: left;\">Carne De Cordero En Lonchas - Certificado HALAL<\/span><\/h2>\n<p><span style=\"font-family: Inter, sans-serif; font-weight: normal; font-size: 18px; color: black; text-align: left;\">Disfruta de la conveniencia y la tranquilidad de la carne de cordero HALAL pre-rebanada. Nuestro compromiso con la obtenci\u00f3n \u00e9tica garantiza que cumpla con los m\u00e1s altos est\u00e1ndares, permiti\u00e9ndote saborear deliciosas comidas preparadas seg\u00fan tus preferencias diet\u00e9ticas.<\/span>[\/et_pb_text][et_pb_blog posts_number=&#8221;2&#8243; include_categories=&#8221;171&#8243; use_manual_excerpt=&#8221;off&#8221; excerpt_length=&#8221;0&#8243; show_date=&#8221;off&#8221; show_categories=&#8221;off&#8221; _builder_version=&#8221;4.24.3&#8243; _module_preset=&#8221;6b2b3155-6c52-47a0-8d0b-f3e919ce4c47&#8243; header_level=&#8221;h3&#8243; header_font=&#8221;Inter||||||||&#8221; header_text_align=&#8221;center&#8221; header_font_size=&#8221;24px&#8221; body_text_color=&#8221;gcid-bc0cabfc-74a6-44b3-8d4b-f623405de816&#8243; meta_text_color=&#8221;gcid-4ca9fcd2-80ab-4ebb-8b8c-cbc710883478&#8243; meta_font_size=&#8221;16px&#8221; header_font_size_tablet=&#8221;24px&#8221; header_font_size_phone=&#8221;24px&#8221; header_font_size_last_edited=&#8221;on|phone&#8221; custom_css_free_form=&#8221;.et_pb_image_container {||  margin: 0;||}&#8221; border_color_all=&#8221;gcid-95530a2b-5e91-45c7-8ffb-59bb0a37f154&#8243; locked=&#8221;off&#8221; global_colors_info=&#8221;{%22gcid-95530a2b-5e91-45c7-8ffb-59bb0a37f154%22:%91%22border_color_all%22,%22pagination_text_color%22,%22border_color_all%22,%22pagination_text_color%22,%22border_color_all%22%93,%22gcid-4ca9fcd2-80ab-4ebb-8b8c-cbc710883478%22:%91%22meta_text_color%22%93,%22gcid-bc0cabfc-74a6-44b3-8d4b-f623405de816%22:%91%22body_text_color%22%93}&#8221;][\/et_pb_blog][et_pb_text _builder_version=&#8221;4.24.3&#8243; _module_preset=&#8221;default&#8221; text_font=&#8221;Inter||||||||&#8221; text_text_color=&#8221;#000000&#8243; text_font_size=&#8221;18px&#8221; header_2_font=&#8221;Inter||||||||&#8221; header_2_text_align=&#8221;center&#8221; global_colors_info=&#8221;{}&#8221;]<\/p>\n<h2><span style=\"font-family: Inter, sans-serif; **font-weight: bold**; font-size: 28px; color: black; text-align: left;\">Carne De Reno Enlatada<\/span><\/h2>\n<p><span style=\"font-family: Inter, sans-serif; font-weight: normal; font-size: 18px; color: black; text-align: left;\">Conveniencia Enlatada: Cuando el tiempo es esencial, recurre a nuestras selecciones enlatadas. Compactas pero llenas de sabor, lleva la abundancia de Laponia directo a tu despensa.<\/span>[\/et_pb_text][et_pb_blog posts_number=&#8221;2&#8243; include_categories=&#8221;121&#8243; use_manual_excerpt=&#8221;off&#8221; excerpt_length=&#8221;0&#8243; show_date=&#8221;off&#8221; show_categories=&#8221;off&#8221; _builder_version=&#8221;4.24.3&#8243; _module_preset=&#8221;6b2b3155-6c52-47a0-8d0b-f3e919ce4c47&#8243; header_level=&#8221;h3&#8243; header_font=&#8221;Inter||||||||&#8221; header_text_align=&#8221;center&#8221; header_font_size=&#8221;24px&#8221; body_text_color=&#8221;gcid-bc0cabfc-74a6-44b3-8d4b-f623405de816&#8243; meta_text_color=&#8221;gcid-4ca9fcd2-80ab-4ebb-8b8c-cbc710883478&#8243; meta_font_size=&#8221;16px&#8221; header_font_size_tablet=&#8221;24px&#8221; header_font_size_phone=&#8221;24px&#8221; header_font_size_last_edited=&#8221;on|phone&#8221; custom_css_free_form=&#8221;.et_pb_image_container {||  margin: 0;||}&#8221; border_color_all=&#8221;gcid-95530a2b-5e91-45c7-8ffb-59bb0a37f154&#8243; locked=&#8221;off&#8221; global_colors_info=&#8221;{%22gcid-95530a2b-5e91-45c7-8ffb-59bb0a37f154%22:%91%22border_color_all%22,%22pagination_text_color%22,%22border_color_all%22,%22pagination_text_color%22,%22border_color_all%22%93,%22gcid-4ca9fcd2-80ab-4ebb-8b8c-cbc710883478%22:%91%22meta_text_color%22%93,%22gcid-bc0cabfc-74a6-44b3-8d4b-f623405de816%22:%91%22body_text_color%22%93}&#8221;][\/et_pb_blog][et_pb_text _builder_version=&#8221;4.24.3&#8243; _module_preset=&#8221;default&#8221; text_font=&#8221;Inter||||||||&#8221; text_text_color=&#8221;#000000&#8243; text_font_size=&#8221;18px&#8221; header_2_text_align=&#8221;center&#8221; global_colors_info=&#8221;{}&#8221;]<\/p>\n<h2><span style=\"font-family: Inter, sans-serif; **font-weight: bold**; font-size: 28px; color: black; text-align: left;\">Carne De Venado Enlatada<\/span><\/h2>\n<p><span style=\"font-family: Inter, sans-serif; font-weight: normal; font-size: 18px; color: black; text-align: left;\">Nuestra carne de venado enlatada preserva la esencia de lo salvaje. Desde guisos sustanciosos hasta platos creativos, la conveniencia se encuentra con la autenticidad.<\/span>[\/et_pb_text][et_pb_blog posts_number=&#8221;2&#8243; include_categories=&#8221;122&#8243; use_manual_excerpt=&#8221;off&#8221; excerpt_length=&#8221;0&#8243; show_date=&#8221;off&#8221; show_categories=&#8221;off&#8221; _builder_version=&#8221;4.24.3&#8243; _module_preset=&#8221;6b2b3155-6c52-47a0-8d0b-f3e919ce4c47&#8243; header_level=&#8221;h3&#8243; header_font=&#8221;Inter||||||||&#8221; header_text_align=&#8221;center&#8221; header_font_size=&#8221;24px&#8221; body_text_color=&#8221;gcid-bc0cabfc-74a6-44b3-8d4b-f623405de816&#8243; meta_text_color=&#8221;gcid-4ca9fcd2-80ab-4ebb-8b8c-cbc710883478&#8243; meta_font_size=&#8221;16px&#8221; header_font_size_tablet=&#8221;24px&#8221; header_font_size_phone=&#8221;24px&#8221; header_font_size_last_edited=&#8221;on|phone&#8221; custom_css_free_form=&#8221;.et_pb_image_container {||  margin: 0;||}&#8221; border_color_all=&#8221;gcid-95530a2b-5e91-45c7-8ffb-59bb0a37f154&#8243; locked=&#8221;off&#8221; global_colors_info=&#8221;{%22gcid-95530a2b-5e91-45c7-8ffb-59bb0a37f154%22:%91%22border_color_all%22,%22pagination_text_color%22,%22border_color_all%22,%22pagination_text_color%22,%22border_color_all%22%93,%22gcid-4ca9fcd2-80ab-4ebb-8b8c-cbc710883478%22:%91%22meta_text_color%22%93,%22gcid-bc0cabfc-74a6-44b3-8d4b-f623405de816%22:%91%22body_text_color%22%93}&#8221;][\/et_pb_blog][et_pb_text _builder_version=&#8221;4.24.3&#8243; _module_preset=&#8221;default&#8221; text_font=&#8221;Inter||||||||&#8221; text_text_color=&#8221;#000000&#8243; text_font_size=&#8221;18px&#8221; header_2_font=&#8221;Inter||||||||&#8221; header_2_text_align=&#8221;center&#8221; global_colors_info=&#8221;{}&#8221;]<\/p>\n<h2><span style=\"font-family: Inter, sans-serif; **font-weight: bold**; font-size: 28px; color: black; text-align: left;\">Carne De Reno Procesada<\/span><\/h2>\n<p><span style=\"font-family: Inter, sans-serif; font-weight: normal; font-size: 18px; color: black; text-align: left;\">Ya sea ahumada en fr\u00edo o transformada en salchichas para asar, nuestra carne de reno procesada celebra el arte culinario. Cada bocado refleja la herencia de Laponia.<\/span>[\/et_pb_text][et_pb_blog posts_number=&#8221;6&#8243; include_categories=&#8221;125&#8243; use_manual_excerpt=&#8221;off&#8221; excerpt_length=&#8221;0&#8243; show_date=&#8221;off&#8221; show_categories=&#8221;off&#8221; _builder_version=&#8221;4.24.3&#8243; _module_preset=&#8221;6b2b3155-6c52-47a0-8d0b-f3e919ce4c47&#8243; header_level=&#8221;h3&#8243; header_font=&#8221;Inter||||||||&#8221; header_text_align=&#8221;center&#8221; header_font_size=&#8221;24px&#8221; body_text_color=&#8221;gcid-bc0cabfc-74a6-44b3-8d4b-f623405de816&#8243; meta_text_color=&#8221;gcid-4ca9fcd2-80ab-4ebb-8b8c-cbc710883478&#8243; meta_font_size=&#8221;16px&#8221; header_font_size_tablet=&#8221;24px&#8221; header_font_size_phone=&#8221;24px&#8221; header_font_size_last_edited=&#8221;on|phone&#8221; custom_css_free_form=&#8221;.et_pb_image_container {||  margin: 0;||}&#8221; border_color_all=&#8221;gcid-95530a2b-5e91-45c7-8ffb-59bb0a37f154&#8243; locked=&#8221;off&#8221; global_colors_info=&#8221;{%22gcid-95530a2b-5e91-45c7-8ffb-59bb0a37f154%22:%91%22border_color_all%22,%22pagination_text_color%22,%22border_color_all%22,%22pagination_text_color%22,%22border_color_all%22%93,%22gcid-4ca9fcd2-80ab-4ebb-8b8c-cbc710883478%22:%91%22meta_text_color%22%93,%22gcid-bc0cabfc-74a6-44b3-8d4b-f623405de816%22:%91%22body_text_color%22%93}&#8221;][\/et_pb_blog][\/et_pb_column][\/et_pb_row][\/et_pb_section]<\/p>","protected":false},"excerpt":{"rendered":"<p>Discover the unique taste and texture of whole reindeer meat cuts, ideal for grilling, roasting, and slow-cooking adventures.<\/p>","protected":false},"author":2,"featured_media":33596,"parent":0,"menu_order":5,"comment_status":"closed","ping_status":"closed","template":"","meta":{"_et_pb_use_builder":"on","_et_pb_old_content":"","_et_gb_content_width":"","footnotes":""},"class_list":["post-33943","page","type-page","status-publish","has-post-thumbnail","hentry"],"_links":{"self":[{"href":"https:\/\/pokkareindeermeat.com\/es\/wp-json\/wp\/v2\/pages\/33943","targetHints":{"allow":["GET"]}}],"collection":[{"href":"https:\/\/pokkareindeermeat.com\/es\/wp-json\/wp\/v2\/pages"}],"about":[{"href":"https:\/\/pokkareindeermeat.com\/es\/wp-json\/wp\/v2\/types\/page"}],"author":[{"embeddable":true,"href":"https:\/\/pokkareindeermeat.com\/es\/wp-json\/wp\/v2\/users\/2"}],"replies":[{"embeddable":true,"href":"https:\/\/pokkareindeermeat.com\/es\/wp-json\/wp\/v2\/comments?post=33943"}],"version-history":[{"count":28,"href":"https:\/\/pokkareindeermeat.com\/es\/wp-json\/wp\/v2\/pages\/33943\/revisions"}],"predecessor-version":[{"id":35547,"href":"https:\/\/pokkareindeermeat.com\/es\/wp-json\/wp\/v2\/pages\/33943\/revisions\/35547"}],"wp:featuredmedia":[{"embeddable":true,"href":"https:\/\/pokkareindeermeat.com\/es\/wp-json\/wp\/v2\/media\/33596"}],"wp:attachment":[{"href":"https:\/\/pokkareindeermeat.com\/es\/wp-json\/wp\/v2\/media?parent=33943"}],"curies":[{"name":"wp","href":"https:\/\/api.w.org\/{rel}","templated":true}]}}