{"id":35793,"date":"2025-03-29T18:55:06","date_gmt":"2025-03-29T16:55:06","guid":{"rendered":"https:\/\/pokkareindeermeat.com\/?page_id=35793"},"modified":"2025-03-29T19:39:24","modified_gmt":"2025-03-29T17:39:24","slug":"tietosuojakaytanto","status":"publish","type":"page","link":"https:\/\/pokkareindeermeat.com\/es\/tietosuojakaytanto\/","title":{"rendered":"Tietosuojak\u00e4yt\u00e4nt\u00f6"},"content":{"rendered":"<p>[et_pb_section fb_built=&#8221;1&#8243; _builder_version=&#8221;4.27.4&#8243; _module_preset=&#8221;default&#8221; hover_enabled=&#8221;0&#8243; global_colors_info=&#8221;{}&#8221; custom_margin=&#8221;||||false|false&#8221; custom_padding=&#8221;0px||||false|false&#8221; sticky_enabled=&#8221;0&#8243;][et_pb_row _builder_version=&#8221;4.27.4&#8243; _module_preset=&#8221;default&#8221; global_colors_info=&#8221;{}&#8221;][et_pb_column type=&#8221;4_4&#8243; _builder_version=&#8221;4.27.4&#8243; _module_preset=&#8221;default&#8221; global_colors_info=&#8221;{}&#8221;][et_pb_text _builder_version=&#8221;4.27.4&#8243; _module_preset=&#8221;default&#8221; global_colors_info=&#8221;{}&#8221;]<\/p>\n<div class=\"dad65929\">\n<div class=\"_4f9bf79 d7dc56a8 _43c05b5\">\n<div class=\"ds-markdown ds-markdown--block\">\n<h3><strong>Tietosuojak\u00e4yt\u00e4nt\u00f6<\/strong><\/h3>\n<p><strong>Viimeisin p\u00e4ivitys:<\/strong>\u00a029. maaliskuuta 2025<\/p>\n<p>T\u00e4m\u00e4 tietosuojak\u00e4yt\u00e4nt\u00f6 kuvaa henkil\u00f6tietojesi ker\u00e4\u00e4mist\u00e4, k\u00e4ytt\u00f6\u00e4 ja luovuttamista Pokka Reindeer Meat -palvelun k\u00e4yt\u00f6n yhteydess\u00e4 sek\u00e4 yksil\u00f6ityj\u00e4 tietosuojaoikeuksiasi.<\/p>\n<p><strong>Lapin Nahka Oy<\/strong>\u00a0(Y-tunnus: [lis\u00e4\u00e4])<br \/>Nikkarinkuja 5, 96910 Rovaniemi<br \/>S\u00e4hk\u00f6posti:\u00a0<a href=\"https:\/\/mailto:hmijares@pokkareindeermeat.com\/es\/\" target=\"_blank\" rel=\"noopener noreferrer\">hmijares@pokkareindeermeat.com<\/a><\/p>\n<hr \/>\n<h3><strong>1. K\u00e4ytt\u00f6ehdot ja m\u00e4\u00e4ritelm\u00e4t<\/strong><\/h3>\n<ul>\n<li>\n<p><strong>Palvelu<\/strong>: Pokka Reindeer Meat -verkkosivusto (<a href=\"https:\/\/pokkareindeermeat.com\/es\/\" target=\"_blank\" rel=\"noopener noreferrer\">https:\/\/pokkareindeermeat.com<\/a>) ja\/tai mobiilisovellus.<\/p>\n<\/li>\n<li>\n<p><strong>Ev\u00e4steet<\/strong>\u00a0(Cookies): Pienet tiedostot, jotka tallentuvat laitteellesi selaushistoriana tiettyj\u00e4 toimintoja varten.<\/p>\n<\/li>\n<li>\n<p><strong>Henkil\u00f6tiedot<\/strong>: Kaikki yksil\u00f6it\u00e4v\u00e4 tieto (nimi, s\u00e4hk\u00f6posti, osoite jne.).<\/p>\n<\/li>\n<li>\n<p><strong>EU:n\u00a0tietosuoja-asetus (GDPR)<\/strong>: Ohjaa tietojesi k\u00e4sittely\u00e4.<\/p>\n<\/li>\n<\/ul>\n<hr \/>\n<h3><strong>2. Ker\u00e4\u00e4m\u00e4mme tiedot<\/strong><\/h3>\n<p><strong>A. K\u00e4ytt\u00e4j\u00e4tiedot<\/strong>:<\/p>\n<ul>\n<li>\n<p>Nimi ja yhteystiedot (s\u00e4hk\u00f6posti, puhelin, postiosoite)<\/p>\n<\/li>\n<li>\n<p>Maksutiedot (k\u00e4sitell\u00e4\u00e4n turvallisen maksupalvelun kautta)<\/p>\n<\/li>\n<li>\n<p>Sijaintitiedot (vain sovelluksessa, jos annat luvan)<\/p>\n<\/li>\n<\/ul>\n<p><strong>B. Automaattisesti ker\u00e4tt\u00e4v\u00e4t tiedot<\/strong>:<\/p>\n<ul>\n<li>\n<p>IP-osoite, laitetunniste, selaintyyppi<\/p>\n<\/li>\n<li>\n<p>K\u00e4ytt\u00f6statistiikka (vierailut, sivuaika)<\/p>\n<\/li>\n<\/ul>\n<p><strong>C. Kolmannen osapuolen tiedot<\/strong>:<\/p>\n<ul>\n<li>\n<p>Google\/Facebook-kirjautumisen kautta (nimi, s\u00e4hk\u00f6posti, profiilitiedot)<\/p>\n<\/li>\n<\/ul>\n<hr \/>\n<h3><strong>3. Tietojen k\u00e4ytt\u00f6tarkoitukset<\/strong><\/h3>\n<table>\n<thead>\n<tr>\n<th>Tietotyyppi<\/th>\n<th>Oikeusperusta (GDPR)<\/th>\n<th>S\u00e4ilytysaika<\/th>\n<\/tr>\n<\/thead>\n<tbody>\n<tr>\n<td>Asiakastili<\/td>\n<td>Sopimus (6:1b)<\/td>\n<td>5 vuotta<\/td>\n<\/tr>\n<tr>\n<td>Ostotiedot<\/td>\n<td>Laki (tilivelvollisuus)<\/td>\n<td>7 vuotta<\/td>\n<\/tr>\n<tr>\n<td>Ev\u00e4stetiedot<\/td>\n<td>Suostumus (6:1a)<\/td>\n<td>12 kk<\/td>\n<\/tr>\n<\/tbody>\n<\/table>\n<hr \/>\n<h3><strong>4. Tietojen luovutukset<\/strong><\/h3>\n<ul>\n<li>\n<p><strong>Palveluntarjoajat<\/strong>: Contabo GmbH (Saksa, EU-standardi), Stripe (maksut).<\/p>\n<\/li>\n<li>\n<p><strong>Lain edellytt\u00e4m\u00e4t<\/strong>: Viranomaisille tarpeen vaatiessa.<\/p>\n<\/li>\n<\/ul>\n<hr \/>\n<h3><strong>5. Oikeutesi<\/strong><\/h3>\n<p>Voit pyyt\u00e4\u00e4:<br \/>\u2705 Tietojesi tarkistamista\/korjaamista<br \/>\u2705 Tietojen poistamista (poikkeuksin)<br \/>\u2705 Suostumuksen peruuttamista (ev\u00e4steet)<\/p>\n<p><strong>Toimintaohje:<\/strong>\u00a0L\u00e4het\u00e4 pyynt\u00f6 s\u00e4hk\u00f6postilla\u00a0<a href=\"https:\/\/mailto:hmijares@pokkareindeermeat.com\/es\/\" target=\"_blank\" rel=\"noopener noreferrer\">hmijares@pokkareindeermeat.com<\/a>.<\/p>\n<hr \/>\n<h3><strong>6. Ev\u00e4steet<\/strong><\/h3>\n<table>\n<thead>\n<tr>\n<th>Ev\u00e4stetyyppi<\/th>\n<th>Kuvaus<\/th>\n<\/tr>\n<\/thead>\n<tbody>\n<tr>\n<td>V\u00e4ltt\u00e4m\u00e4tt\u00f6m\u00e4t<\/td>\n<td>Ostoskori, kirjautuminen<\/td>\n<\/tr>\n<tr>\n<td>Analytics<\/td>\n<td>K\u00e4ytt\u00f6tilastot (Google Analytics)<\/td>\n<\/tr>\n<tr>\n<td>Markkinointi<\/td>\n<td>Kohdennettu mainonta<\/td>\n<\/tr>\n<\/tbody>\n<\/table>\n<p>Hallitse asetuksia ev\u00e4stepalkista tai selaimen kautta.<\/p>\n<hr \/>\n<h3><strong>7. T\u00e4rke\u00e4t lis\u00e4huomiot<\/strong><\/h3>\n<ul>\n<li>\n<p><strong>Lastensuojelu<\/strong>: Emme ker\u00e4\u00e4 tietoja alle 13-vuotiailta.<\/p>\n<\/li>\n<li>\n<p><strong>Tietoturva<\/strong>: SSL-salaus ja turvalliset palvelimet (Contabo).<\/p>\n<\/li>\n<li>\n<p><strong>Muutokset<\/strong>: Ilmoitamme k\u00e4yt\u00e4nn\u00f6n muutoksista s\u00e4hk\u00f6postitse.<\/p>\n<\/li>\n<\/ul>\n<hr \/>\n<h3><strong>Suositukset k\u00e4\u00e4nn\u00f6ksen tarkistukseen<\/strong>:<\/h3>\n<ol start=\"1\">\n<li>\n<p>K\u00e4yt\u00e4\u00a0<strong>DeepL Pro<\/strong>\u00a0+ manuaalista tarkastusta.<\/p>\n<\/li>\n<li>\n<p>Pyyd\u00e4 suomenkielist\u00e4 asianajajaa tarkistamaan lainopilliset termit.<\/p>\n<\/li>\n<li>\n<p>Varmista ett\u00e4 kaikki yrjestietosi (Y-tunnus, osoite) ovat ajan tasalla.<\/p>\n<\/li>\n<\/ol>\n<p><strong>Huom!<\/strong> T\u00e4m\u00e4 on alustava k\u00e4\u00e4nn\u00f6s &#8211; ammatillinen oikeustarkastus on erityisen t\u00e4rke\u00e4 virallista k\u00e4ytt\u00f6\u00e4 varten.<\/p>\n<\/div>\n<\/div>\n<\/div>\n<p>[\/et_pb_text][\/et_pb_column][\/et_pb_row][\/et_pb_section]<\/p>","protected":false},"excerpt":{"rendered":"<p>Tietosuojak\u00e4yt\u00e4nt\u00f6 Viimeisin p\u00e4ivitys:\u00a029. maaliskuuta 2025 T\u00e4m\u00e4 tietosuojak\u00e4yt\u00e4nt\u00f6 kuvaa henkil\u00f6tietojesi ker\u00e4\u00e4mist\u00e4, k\u00e4ytt\u00f6\u00e4 ja luovuttamista Pokka Reindeer Meat -palvelun k\u00e4yt\u00f6n yhteydess\u00e4 sek\u00e4 yksil\u00f6ityj\u00e4 tietosuojaoikeuksiasi. Lapin Nahka Oy\u00a0(Y-tunnus: [lis\u00e4\u00e4])Nikkarinkuja 5, 96910 RovaniemiS\u00e4hk\u00f6posti:\u00a0hmijares@pokkareindeermeat.com 1. K\u00e4ytt\u00f6ehdot ja m\u00e4\u00e4ritelm\u00e4t Palvelu: Pokka Reindeer Meat -verkkosivusto (https:\/\/pokkareindeermeat.com) ja\/tai mobiilisovellus. Ev\u00e4steet\u00a0(Cookies): Pienet tiedostot, jotka tallentuvat laitteellesi selaushistoriana tiettyj\u00e4 toimintoja varten. Henkil\u00f6tiedot: Kaikki yksil\u00f6it\u00e4v\u00e4 tieto [&hellip;]<\/p>","protected":false},"author":2,"featured_media":0,"parent":0,"menu_order":0,"comment_status":"closed","ping_status":"closed","template":"","meta":{"_et_pb_use_builder":"on","_et_pb_old_content":"","_et_gb_content_width":"","footnotes":""},"class_list":["post-35793","page","type-page","status-publish","hentry"],"_links":{"self":[{"href":"https:\/\/pokkareindeermeat.com\/es\/wp-json\/wp\/v2\/pages\/35793","targetHints":{"allow":["GET"]}}],"collection":[{"href":"https:\/\/pokkareindeermeat.com\/es\/wp-json\/wp\/v2\/pages"}],"about":[{"href":"https:\/\/pokkareindeermeat.com\/es\/wp-json\/wp\/v2\/types\/page"}],"author":[{"embeddable":true,"href":"https:\/\/pokkareindeermeat.com\/es\/wp-json\/wp\/v2\/users\/2"}],"replies":[{"embeddable":true,"href":"https:\/\/pokkareindeermeat.com\/es\/wp-json\/wp\/v2\/comments?post=35793"}],"version-history":[{"count":3,"href":"https:\/\/pokkareindeermeat.com\/es\/wp-json\/wp\/v2\/pages\/35793\/revisions"}],"predecessor-version":[{"id":35805,"href":"https:\/\/pokkareindeermeat.com\/es\/wp-json\/wp\/v2\/pages\/35793\/revisions\/35805"}],"wp:attachment":[{"href":"https:\/\/pokkareindeermeat.com\/es\/wp-json\/wp\/v2\/media?parent=35793"}],"curies":[{"name":"wp","href":"https:\/\/api.w.org\/{rel}","templated":true}]}}