{"id":32024,"date":"2024-01-16T01:09:56","date_gmt":"2024-01-15T23:09:56","guid":{"rendered":"https:\/\/pokkareindeermeat.com\/?page_id=32024"},"modified":"2024-10-09T15:37:28","modified_gmt":"2024-10-09T13:37:28","slug":"pokka-reindeer-meat-yritys","status":"publish","type":"page","link":"https:\/\/pokkareindeermeat.com\/fi\/pokka-reindeer-meat-yritys\/","title":{"rendered":"YRITYSTIETOA"},"content":{"rendered":"<p>[et_pb_section fb_built=&#8221;1&#8243; fullwidth=&#8221;on&#8221; _builder_version=&#8221;4.24.0&#8243; _module_preset=&#8221;default&#8221; global_colors_info=&#8221;{}&#8221;][et_pb_fullwidth_slider show_arrows=&#8221;off&#8221; show_pagination=&#8221;off&#8221; _builder_version=&#8221;4.24.3&#8243; _module_preset=&#8221;default&#8221; header_level=&#8221;h1&#8243; header_font=&#8221;Inter||||||||&#8221; header_text_align=&#8221;left&#8221; header_font_size=&#8221;50px&#8221; body_font=&#8221;Inter||||||||&#8221; body_text_align=&#8221;left&#8221; body_font_size=&#8221;25px&#8221; custom_button=&#8221;on&#8221; button_text_size=&#8221;16px&#8221; button_bg_color=&#8221;gcid-95530a2b-5e91-45c7-8ffb-59bb0a37f154&#8243; button_border_width=&#8221;0px&#8221; button_alignment=&#8221;left&#8221; height_tablet=&#8221;&#8221; height_phone=&#8221;60vh&#8221; height_last_edited=&#8221;on|phone&#8221; max_height_tablet=&#8221;&#8221; max_height_phone=&#8221;60vh&#8221; max_height_last_edited=&#8221;on|phone&#8221; hover_enabled=&#8221;0&#8243; global_colors_info=&#8221;{%22gcid-95530a2b-5e91-45c7-8ffb-59bb0a37f154%22:%91%22button_bg_color%22%93}&#8221; sticky_enabled=&#8221;0&#8243;][et_pb_slide heading=&#8221;Pokka Reindeer Meat Company&#8221; button_text=&#8221;OUR PRODUCTS&#8221; button_link=&#8221;https:\/\/pokkareindeermeat.com\/products\/&#8221; _builder_version=&#8221;4.24.3&#8243; _module_preset=&#8221;default&#8221; background_enable_color=&#8221;off&#8221; background_image=&#8221;https:\/\/pokkareindeermeat.com\/wp-content\/uploads\/2024\/02\/pokka_reindeer-meat_35.webp&#8221; background_enable_image=&#8221;on&#8221; background_size=&#8221;stretch&#8221; hover_enabled=&#8221;0&#8243; background_last_edited=&#8221;on|phone&#8221; background_size_phone=&#8221;cover&#8221; background_position_phone=&#8221;center_right&#8221; global_colors_info=&#8221;{}&#8221; sticky_transition=&#8221;on&#8221; sticky_enabled=&#8221;0&#8243;]<\/p>\n<p>Vuodesta 1969<\/p>\n<p>[\/et_pb_slide][\/et_pb_fullwidth_slider][\/et_pb_section][et_pb_section fb_built=&#8221;1&#8243; admin_label=&#8221;Service&#8221; _builder_version=&#8221;4.23.4&#8243; _module_preset=&#8221;default&#8221; background_enable_color=&#8221;off&#8221; background_enable_image=&#8221;off&#8221; background_size=&#8221;initial&#8221; locked=&#8221;off&#8221; collapsed=&#8221;on&#8221; global_colors_info=&#8221;{%22gcid-946866d9-c2b9-4b1f-9c7c-a55f3a135378%22:%91%22background_color%22%93}&#8221;][et_pb_row column_structure=&#8221;1_2,1_2&#8243; custom_padding_last_edited=&#8221;on|phone&#8221; _builder_version=&#8221;4.24.0&#8243; _module_preset=&#8221;default&#8221; custom_margin_tablet=&#8221;&#8221; custom_margin_phone=&#8221;&#8221; custom_margin_last_edited=&#8221;on|phone&#8221; custom_padding_tablet=&#8221;&#8221; custom_padding_phone=&#8221;0px||0px||false|false&#8221; global_colors_info=&#8221;{}&#8221;][et_pb_column type=&#8221;1_2&#8243; _builder_version=&#8221;4.22.0&#8243; _module_preset=&#8221;default&#8221; custom_padding=&#8221;60px||60px||true|false&#8221; custom_padding_tablet=&#8221;0px||0px||true|false&#8221; custom_padding_phone=&#8221;0px||0px||true|false&#8221; custom_padding_last_edited=&#8221;on|desktop&#8221; global_colors_info=&#8221;{}&#8221;][et_pb_text _builder_version=&#8221;4.24.3&#8243; _module_preset=&#8221;77ba76ac-957a-461f-ae2d-e9eda7e4f479&#8243; text_text_color=&#8221;gcid-d13dd47d-c04f-4aec-b591-ba88ac7e1568&#8243; global_colors_info=&#8221;{%22gcid-d13dd47d-c04f-4aec-b591-ba88ac7e1568%22:%91%22text_text_color%22%93}&#8221;]<span style=\"font-family: Inter, sans-serif; **font-weight: bold**; font-size: 28px; color: black; text-align: left;\">Tietoa meist\u00e4<\/span><\/p>\n<p><span style=\"font-family: Inter, sans-serif; font-weight: normal; font-size: 18px; color: black; text-align: left;\">Pokka Reindeer Meatin perustajat Harri ja Mariela jakoivat rakkauden arktisiin metsiin. Lapin er\u00e4maista he l\u00f6ysiv\u00e4t my\u00f6s elinkeinonsa ja siell\u00e4 he loivat rakkaimmat perhemuistonsa. Harrin ja Marielan liiketoiminnan ytimess\u00e4 on kest\u00e4vyysajattelu: arktisten metsien koskematon kauneus ja herk\u00e4t ekosysteemit ansaitsevat sen. He keskittyv\u00e4t tarjoamaan huippuluokan poronlihaa ja varmistamaan, ett\u00e4 jokainen p\u00e4\u00e4t\u00f6s heid\u00e4n liiketoiminnassaan edist\u00e4\u00e4 Lapin ainutlaatuisen luonnon s\u00e4ilytt\u00e4mist\u00e4.<\/span>[\/et_pb_text][et_pb_image src=&#8221;https:\/\/pokkareindeermeat.com\/wp-content\/uploads\/2024\/02\/pokka_reindeer-meat_41.webp&#8221; alt=&#8221;Pokka Reindeer Meat Company&#8221; title_text=&#8221;Pokka Reindeer Meat Company&#8221; _builder_version=&#8221;4.24.0&#8243; _module_preset=&#8221;default&#8221; global_colors_info=&#8221;{}&#8221;][\/et_pb_image][\/et_pb_column][et_pb_column type=&#8221;1_2&#8243; _builder_version=&#8221;4.22.0&#8243; _module_preset=&#8221;default&#8221; global_colors_info=&#8221;{}&#8221;][et_pb_image src=&#8221;https:\/\/pokkareindeermeat.com\/wp-content\/uploads\/2024\/02\/pokka_reindeer-meat_40.webp&#8221; alt=&#8221;Finland&#8221; title_text=&#8221;Finland&#8221; _builder_version=&#8221;4.24.0&#8243; _module_preset=&#8221;default&#8221; global_colors_info=&#8221;{}&#8221;][\/et_pb_image][et_pb_text _builder_version=&#8221;4.24.3&#8243; _module_preset=&#8221;77ba76ac-957a-461f-ae2d-e9eda7e4f479&#8243; text_text_color=&#8221;gcid-d13dd47d-c04f-4aec-b591-ba88ac7e1568&#8243; global_colors_info=&#8221;{%22gcid-d13dd47d-c04f-4aec-b591-ba88ac7e1568%22:%91%22text_text_color%22%93}&#8221;]<span style=\"font-family: Inter, sans-serif; font-weight: normal; font-size: 18px; color: black; text-align: left;\">He ty\u00f6llist\u00e4v\u00e4t taitavia lihank\u00e4sittelij\u00f6it\u00e4, jotka hallitsevat lihanleikkuun taidon. Huipputeknologiaa apuna k\u00e4ytt\u00e4en saavutetaan paras laatu jokaiseen palaseen. Jokainen tuotannon vaihe poron vastaanottamisesta k\u00e4sittelyyn, pakkaamiseen ja l\u00e4hett\u00e4miseen on j\u00e4ljitett\u00e4viss\u00e4 tuoteselosteen perusteella. Nyky\u00e4\u00e4n Pokka Reindeer Meat tarjoaa korkealaatuista, eettisesti hankittua ja huolellisesti jalostettua poronlihaa jokaiseen p\u00f6yt\u00e4\u00e4n.<\/span>[\/et_pb_text][\/et_pb_column][\/et_pb_row][\/et_pb_section][et_pb_section fb_built=&#8221;1&#8243; admin_label=&#8221;Service&#8221; _builder_version=&#8221;4.23.4&#8243; _module_preset=&#8221;default&#8221; background_color=&#8221;gcid-946866d9-c2b9-4b1f-9c7c-a55f3a135378&#8243; background_enable_image=&#8221;off&#8221; background_size=&#8221;contain&#8221; background_position=&#8221;bottom_center&#8221; overflow-x=&#8221;hidden&#8221; overflow-y=&#8221;hidden&#8221; custom_padding=&#8221;8vw||0px||false|false&#8221; locked=&#8221;off&#8221; collapsed=&#8221;on&#8221; global_colors_info=&#8221;{%22gcid-946866d9-c2b9-4b1f-9c7c-a55f3a135378%22:%91%22background_color%22%93}&#8221;][et_pb_row column_structure=&#8221;1_3,2_3&#8243; custom_padding_last_edited=&#8221;on|phone&#8221; _builder_version=&#8221;4.24.0&#8243; _module_preset=&#8221;default&#8221; custom_padding=&#8221;0px||0px|||&#8221; custom_padding_tablet=&#8221;0px||0px|||&#8221; custom_padding_phone=&#8221;0px||0px||false|false&#8221; global_colors_info=&#8221;{}&#8221;][et_pb_column type=&#8221;1_3&#8243; _builder_version=&#8221;4.22.0&#8243; _module_preset=&#8221;default&#8221; global_colors_info=&#8221;{}&#8221;][et_pb_image src=&#8221;https:\/\/pokkareindeermeat.com\/wp-content\/uploads\/2024\/01\/pokka_reindeer-meat_15.jpg&#8221; title_text=&#8221;pokka_reindeer-meat_15&#8243; align=&#8221;right&#8221; _builder_version=&#8221;4.23.4&#8243; _module_preset=&#8221;default&#8221; custom_margin=&#8221;-8vw|-9vw||-30vw|false|false&#8221; custom_margin_tablet=&#8221;|0vw||0vw|false|true&#8221; custom_margin_phone=&#8221;|0vw||0vw|false|true&#8221; custom_margin_last_edited=&#8221;on|tablet&#8221; locked=&#8221;off&#8221; global_colors_info=&#8221;{}&#8221;][\/et_pb_image][\/et_pb_column][et_pb_column type=&#8221;2_3&#8243; _builder_version=&#8221;4.22.0&#8243; _module_preset=&#8221;default&#8221; background_color=&#8221;#FFFFFF&#8221; custom_padding=&#8221;60px|60px|60px|60px|true|true&#8221; custom_padding_tablet=&#8221;30px|30px|30px|30px|true|true&#8221; custom_padding_phone=&#8221;20px|20px|20px|20px|true|true&#8221; custom_padding_last_edited=&#8221;on|desktop&#8221; global_colors_info=&#8221;{}&#8221;][et_pb_text _builder_version=&#8221;4.24.3&#8243; _module_preset=&#8221;77ba76ac-957a-461f-ae2d-e9eda7e4f479&#8243; text_text_color=&#8221;gcid-d13dd47d-c04f-4aec-b591-ba88ac7e1568&#8243; global_colors_info=&#8221;{%22gcid-d13dd47d-c04f-4aec-b591-ba88ac7e1568%22:%91%22text_text_color%22%93}&#8221;]<span style=\"font-family: Inter, sans-serif; **font-weight: bold**; font-size: 28px; color: black; text-align: left;\">J\u00e4ljitett\u00e4vyys <\/span><\/p>\n<p><span style=\"font-family: Inter, sans-serif; font-weight: normal; font-size: 18px; color: black; text-align: left;\">Olemme ottaneet k\u00e4ytt\u00f6\u00f6n seurantaprosessit, jotka mahdollistavat nopean tunnistamisen ja seurannan jokaisessa vaiheessa, tuotteen vastaanotosta k\u00e4sittelyyn, pakkaamiseen ja toimitukseen aina tarkalle asiakaspaikalle saakka. Tuotteidemme etiketeist\u00e4 voidaan j\u00e4ljitt\u00e4\u00e4 koko tuotanto- ja toimitusketju.<\/span>[\/et_pb_text][\/et_pb_column][\/et_pb_row][\/et_pb_section][et_pb_section fb_built=&#8221;1&#8243; admin_label=&#8221;Service&#8221; _builder_version=&#8221;4.23.1&#8243; _module_preset=&#8221;default&#8221; background_color=&#8221;gcid-946866d9-c2b9-4b1f-9c7c-a55f3a135378&#8243; background_enable_image=&#8221;off&#8221; background_size=&#8221;initial&#8221; locked=&#8221;off&#8221; collapsed=&#8221;on&#8221; global_colors_info=&#8221;{%22gcid-946866d9-c2b9-4b1f-9c7c-a55f3a135378%22:%91%22background_color%22%93}&#8221;][et_pb_row column_structure=&#8221;1_2,1_2&#8243; custom_padding_last_edited=&#8221;on|phone&#8221; _builder_version=&#8221;4.24.0&#8243; _module_preset=&#8221;default&#8221; custom_padding_tablet=&#8221;&#8221; custom_padding_phone=&#8221;0px||0px||false|false&#8221; global_colors_info=&#8221;{}&#8221;][et_pb_column type=&#8221;1_2&#8243; _builder_version=&#8221;4.22.0&#8243; _module_preset=&#8221;default&#8221; custom_padding=&#8221;60px||60px||true|false&#8221; custom_padding_tablet=&#8221;0px||0px||true|false&#8221; custom_padding_phone=&#8221;0px||0px||true|false&#8221; custom_padding_last_edited=&#8221;on|desktop&#8221; global_colors_info=&#8221;{}&#8221;][et_pb_text _builder_version=&#8221;4.24.3&#8243; _module_preset=&#8221;77ba76ac-957a-461f-ae2d-e9eda7e4f479&#8243; text_text_color=&#8221;gcid-d13dd47d-c04f-4aec-b591-ba88ac7e1568&#8243; global_colors_info=&#8221;{%22gcid-d13dd47d-c04f-4aec-b591-ba88ac7e1568%22:%91%22text_text_color%22%93}&#8221;]<span style=\"font-family: Inter, sans-serif; **font-weight: bold**; font-size: 28px; color: black; text-align: left;\">Huipputeknologiaa<\/span><\/p>\n<p><span style=\"font-family: Inter, sans-serif; font-weight: normal; font-size: 18px; color: black; text-align: left;\">Elintarviketurvallisuuden parantamiseksi olemme ottaneet k\u00e4ytt\u00f6\u00f6n INNOVA-ohjelmiston. Ohjelmiston avulla voimme j\u00e4ljitt\u00e4\u00e4 tuotteen globaalissa elintarvikeprosessissa ja tallentaa j\u00e4ljitett\u00e4vyystiedon tulevaa tarvetta varten. Ohjelmiston avulla havaitsemme mahdolliset laatuongelmat ja tunnistamme ep\u00e4ilytt\u00e4v\u00e4t materiaalit tuotannon aikana. Asiantunteva henkil\u00f6kuntamme noudattaa viranomaisten hygieniam\u00e4\u00e4r\u00e4yksi\u00e4.<\/span>[\/et_pb_text][\/et_pb_column][et_pb_column type=&#8221;1_2&#8243; _builder_version=&#8221;4.22.0&#8243; _module_preset=&#8221;default&#8221; global_colors_info=&#8221;{}&#8221;][et_pb_image src=&#8221;https:\/\/pokkareindeermeat.com\/wp-content\/uploads\/2024\/02\/pokka_reindeer-meat_14.jpg&#8221; alt=&#8221;Pokka Reindeer Meat Company&#8221; title_text=&#8221;Pokka Reindeer Meat Company&#8221; _builder_version=&#8221;4.24.0&#8243; _module_preset=&#8221;default&#8221; global_colors_info=&#8221;{}&#8221;][\/et_pb_image][\/et_pb_column][\/et_pb_row][\/et_pb_section][et_pb_section fb_built=&#8221;1&#8243; admin_label=&#8221;Services&#8221; _builder_version=&#8221;4.23.4&#8243; _module_preset=&#8221;default&#8221; collapsed=&#8221;on&#8221; global_colors_info=&#8221;{}&#8221;][et_pb_row column_structure=&#8221;1_2,1_2&#8243; make_equal=&#8221;on&#8221; custom_padding_last_edited=&#8221;on|desktop&#8221; _builder_version=&#8221;4.24.0&#8243; _module_preset=&#8221;default&#8221; custom_padding_tablet=&#8221;||0px||false|false&#8221; custom_padding_phone=&#8221;0px||0px||false|false&#8221; global_colors_info=&#8221;{}&#8221;][et_pb_column type=&#8221;1_2&#8243; _builder_version=&#8221;4.23.4&#8243; _module_preset=&#8221;default&#8221; background_color=&#8221;gcid-95530a2b-5e91-45c7-8ffb-59bb0a37f154&#8243; custom_padding=&#8221;40px|30px|40px|30px|true|true&#8221; custom_padding_tablet=&#8221;40px|30px|40px|30px|true|true&#8221; custom_padding_phone=&#8221;30px|20px|30px|20px|true|true&#8221; custom_padding_last_edited=&#8221;on|tablet&#8221; border_width_all=&#8221;2px&#8221; border_color_all=&#8221;gcid-95530a2b-5e91-45c7-8ffb-59bb0a37f154&#8243; global_colors_info=&#8221;{%22gcid-95530a2b-5e91-45c7-8ffb-59bb0a37f154%22:%91%22border_color_all%22,%22background_mask_color%22,%22background_color%22%93}&#8221;][et_pb_text _builder_version=&#8221;4.24.3&#8243; _module_preset=&#8221;77ba76ac-957a-461f-ae2d-e9eda7e4f479&#8243; text_text_color=&#8221;#FFFFFF&#8221; global_colors_info=&#8221;{}&#8221;]<span style=\"font-family: Inter, sans-serif; **font-weight: bold**; font-size: 28px; color: whirw; text-align: left;\">Missiomme<\/span><\/p>\n<p><span style=\"font-family: Inter, sans-serif; font-weight: normal; font-size: 18px; color: white; text-align: left;\">Missionamme on tarjota terveystietoisille kuluttajille yksi hienoimmista punaisen lihan l\u00e4hteist\u00e4, kunnioittaen samalla kest\u00e4v\u00e4n ja perhekeskeisen liiketoiminnan arvoja. Lappilaisena perheyrityksen\u00e4 sitoudumme s\u00e4ilytt\u00e4m\u00e4\u00e4n Lapin koskemattoman luonnon tuleville sukupolville. P\u00e4\u00e4t\u00f6ksemme liiketoiminnassa teemme siten, ett\u00e4 ne eiv\u00e4t vahingoita ymp\u00e4rist\u00f6\u00e4mme eiv\u00e4tk\u00e4 arktisia metsi\u00e4mme<\/span>[\/et_pb_text][\/et_pb_column][et_pb_column type=&#8221;1_2&#8243; _builder_version=&#8221;4.22.0&#8243; _module_preset=&#8221;default&#8221; custom_padding=&#8221;40px|30px|40px|30px|true|true&#8221; custom_padding_tablet=&#8221;40px|30px|40px|30px|true|true&#8221; custom_padding_phone=&#8221;30px|20px|30px|20px|true|true&#8221; custom_padding_last_edited=&#8221;on|tablet&#8221; border_width_all=&#8221;2px&#8221; border_color_all=&#8221;gcid-95530a2b-5e91-45c7-8ffb-59bb0a37f154&#8243; global_colors_info=&#8221;{%22gcid-95530a2b-5e91-45c7-8ffb-59bb0a37f154%22:%91%22border_color_all%22%93}&#8221;][et_pb_text _builder_version=&#8221;4.24.3&#8243; _module_preset=&#8221;77ba76ac-957a-461f-ae2d-e9eda7e4f479&#8243; text_text_color=&#8221;gcid-d13dd47d-c04f-4aec-b591-ba88ac7e1568&#8243; global_colors_info=&#8221;{%22gcid-d13dd47d-c04f-4aec-b591-ba88ac7e1568%22:%91%22text_text_color%22%93}&#8221;]<span style=\"font-family: Inter, sans-serif; **font-weight: bold**; font-size: 28px; color: black; text-align: left;\">Arvomme<\/span><\/p>\n<p><span style=\"font-family: Inter, sans-serif; font-weight: normal; font-size: 18px; color: black; text-align: left;\">Pokka Reindeer Meatin arvoja ovat kest\u00e4vyys, korkea laatu ja vahvat perhearvot. Toimintaamme ohjaa vastuuntunto luontoa kohtaan. Pyrimme aktiivisesti v\u00e4hent\u00e4m\u00e4\u00e4n ymp\u00e4rist\u00f6jalanj\u00e4lke\u00e4mme ja vaalimaan Lapin luonnon puhtautta ja kauneutta. Toimimme liiketoiminnassamme eettisesti ja tuemme paikallisyhteis\u00f6n hyvinvointia ja kulttuurista rikkautta. Jatkuvan innovaation avulla varmistamme, ett\u00e4 prosessimme ja tuotteemme pysyv\u00e4t lihateollisuuden k\u00e4rjess\u00e4. Asiakkaamme ovat toimintamme keskipisteess\u00e4, ja pyrimme jatkuvasti ylitt\u00e4m\u00e4\u00e4n heid\u00e4n odotuksensa tarjoamalla terveellisi\u00e4 ja kest\u00e4vi\u00e4 vaihtoehtoja.<\/span>[\/et_pb_text][\/et_pb_column][\/et_pb_row][et_pb_row column_structure=&#8221;1_2,1_2&#8243; make_equal=&#8221;on&#8221; custom_padding_last_edited=&#8221;on|phone&#8221; _builder_version=&#8221;4.24.0&#8243; _module_preset=&#8221;default&#8221; custom_padding_tablet=&#8221;&#8221; custom_padding_phone=&#8221;||0px||false|false&#8221; global_colors_info=&#8221;{}&#8221;][et_pb_column type=&#8221;1_2&#8243; _builder_version=&#8221;4.22.0&#8243; _module_preset=&#8221;default&#8221; custom_padding=&#8221;40px|30px|40px|30px|true|true&#8221; custom_padding_tablet=&#8221;40px|30px|40px|30px|true|true&#8221; custom_padding_phone=&#8221;30px|20px|30px|20px|true|true&#8221; custom_padding_last_edited=&#8221;on|tablet&#8221; border_width_all=&#8221;2px&#8221; border_color_all=&#8221;gcid-95530a2b-5e91-45c7-8ffb-59bb0a37f154&#8243; global_colors_info=&#8221;{%22gcid-95530a2b-5e91-45c7-8ffb-59bb0a37f154%22:%91%22border_color_all%22%93}&#8221;][et_pb_text _builder_version=&#8221;4.24.3&#8243; _module_preset=&#8221;77ba76ac-957a-461f-ae2d-e9eda7e4f479&#8243; text_text_color=&#8221;gcid-d13dd47d-c04f-4aec-b591-ba88ac7e1568&#8243; text_orientation=&#8221;justified&#8221; global_colors_info=&#8221;{%22gcid-d13dd47d-c04f-4aec-b591-ba88ac7e1568%22:%91%22text_text_color%22%93}&#8221;]<span style=\"font-family: Inter, sans-serif; **font-weight: bold**; font-size: 28px; color: black; text-align: left;\">Visiomme<\/span><\/p>\n<p><span style=\"font-family: Inter, sans-serif; font-weight: normal; font-size: 18px; color: black; text-align: left;\">Pokka Reindeer Meatin visio on olla punaisen lihan teollisuuden johtava toimija, tunnustettu tinkim\u00e4tt\u00f6m\u00e4st\u00e4 sitoutumisesta ymp\u00e4rist\u00f6n kest\u00e4vyyteen ja kuluttajien hyvinvointiin. Haluamme jatkaa syv\u00e4sti Lapin luontoon juurtuneena perheyrityksen\u00e4. N\u00e4emme tulevaisuuden, jossa poronlihamme symboloi vastuullista, eettist\u00e4 ja luontoa kunnioittavaa tuotantoa. Tuotteemme miellytt\u00e4v\u00e4t makuaistia ja heijastavat intohimoamme ja omistautumistamme akrtisten metsien suojelemiseen. Tavoitteenamme on olla yritys, joka ei ainoastaan vastaa asiakkaidemme tarpeisiin, vaan my\u00f6s edist\u00e4\u00e4 my\u00f6nteisesti Lapin luonnon s\u00e4ilymist\u00e4.<\/span>[\/et_pb_text][\/et_pb_column][et_pb_column type=&#8221;1_2&#8243; _builder_version=&#8221;4.23.4&#8243; _module_preset=&#8221;default&#8221; background_color=&#8221;gcid-4ca9fcd2-80ab-4ebb-8b8c-cbc710883478&#8243; custom_padding=&#8221;40px|30px|40px|30px|true|true&#8221; custom_padding_tablet=&#8221;40px|30px|40px|30px|true|true&#8221; custom_padding_phone=&#8221;30px|20px|30px|20px|true|true&#8221; custom_padding_last_edited=&#8221;on|tablet&#8221; border_width_all=&#8221;2px&#8221; border_color_all=&#8221;gcid-95530a2b-5e91-45c7-8ffb-59bb0a37f154&#8243; global_colors_info=&#8221;{%22gcid-95530a2b-5e91-45c7-8ffb-59bb0a37f154%22:%91%22border_color_all%22%93,%22gcid-4ca9fcd2-80ab-4ebb-8b8c-cbc710883478%22:%91%22background_mask_color%22,%22background_color%22%93}&#8221;][et_pb_text _builder_version=&#8221;4.24.3&#8243; _module_preset=&#8221;77ba76ac-957a-461f-ae2d-e9eda7e4f479&#8243; text_text_color=&#8221;#FFFFFF&#8221; global_colors_info=&#8221;{}&#8221;]<span style=\"font-family: Inter, sans-serif; **font-weight: bold**; font-size: 28px; color: whirw; text-align: left;\">Prosessimme<\/span><\/p>\n<p><span style=\"font-family: Inter, sans-serif; font-weight: normal; font-size: 18px; color: white; text-align: left;\">Tuotantomme yhdist\u00e4\u00e4 perinteit\u00e4, innovaatiota ja tinkim\u00e4t\u00f6nt\u00e4 sitoutumista kest\u00e4v\u00e4\u00e4n toimintaan. Tuotantoketju arktiselta tundralta aina laatutietoisten kuluttajien p\u00f6ytiin ymp\u00e4ri maailmaa toteutetaan vastuullisesti. Olemme ottaneet k\u00e4ytt\u00f6\u00f6n j\u00e4ljitett\u00e4vyysj\u00e4rjestelm\u00e4n, jonka avulla voimme seurata jokaista tuotantovaihetta. J\u00e4ljitett\u00e4vyys ja vastuullisuus ulottuvat koko prosesiin porojen vastaanottamisesta niiden k\u00e4sittelyyn, pakkaamiseen ja l\u00e4hett\u00e4miseen saakka.<\/span>[\/et_pb_text][\/et_pb_column][\/et_pb_row][\/et_pb_section]<\/p>","protected":false},"excerpt":{"rendered":"<p>Deep in the heart of the Arctic Circle, a family deeply rooted in Lapland&#8217;s traditions and values embarked on a remarkable journey. Their vision: to establish Pokka Reindeer Meat Company<\/p>","protected":false},"author":2,"featured_media":32346,"parent":0,"menu_order":4,"comment_status":"closed","ping_status":"closed","template":"","meta":{"_et_pb_use_builder":"on","_et_pb_old_content":"","_et_gb_content_width":"","footnotes":""},"class_list":["post-32024","page","type-page","status-publish","has-post-thumbnail","hentry"],"_links":{"self":[{"href":"https:\/\/pokkareindeermeat.com\/fi\/wp-json\/wp\/v2\/pages\/32024","targetHints":{"allow":["GET"]}}],"collection":[{"href":"https:\/\/pokkareindeermeat.com\/fi\/wp-json\/wp\/v2\/pages"}],"about":[{"href":"https:\/\/pokkareindeermeat.com\/fi\/wp-json\/wp\/v2\/types\/page"}],"author":[{"embeddable":true,"href":"https:\/\/pokkareindeermeat.com\/fi\/wp-json\/wp\/v2\/users\/2"}],"replies":[{"embeddable":true,"href":"https:\/\/pokkareindeermeat.com\/fi\/wp-json\/wp\/v2\/comments?post=32024"}],"version-history":[{"count":56,"href":"https:\/\/pokkareindeermeat.com\/fi\/wp-json\/wp\/v2\/pages\/32024\/revisions"}],"predecessor-version":[{"id":35515,"href":"https:\/\/pokkareindeermeat.com\/fi\/wp-json\/wp\/v2\/pages\/32024\/revisions\/35515"}],"wp:featuredmedia":[{"embeddable":true,"href":"https:\/\/pokkareindeermeat.com\/fi\/wp-json\/wp\/v2\/media\/32346"}],"wp:attachment":[{"href":"https:\/\/pokkareindeermeat.com\/fi\/wp-json\/wp\/v2\/media?parent=32024"}],"curies":[{"name":"wp","href":"https:\/\/api.w.org\/{rel}","templated":true}]}}