{"id":32437,"date":"2024-01-19T03:48:19","date_gmt":"2024-01-19T01:48:19","guid":{"rendered":"https:\/\/pokkareindeermeat.com\/?page_id=32437"},"modified":"2024-10-09T15:37:29","modified_gmt":"2024-10-09T13:37:29","slug":"poro-liha-reseptit","status":"publish","type":"page","link":"https:\/\/pokkareindeermeat.com\/fi\/poro-liha-reseptit\/","title":{"rendered":"RESEPTIT"},"content":{"rendered":"<p>[et_pb_section fb_built=&#8221;1&#8243; fullwidth=&#8221;on&#8221; _builder_version=&#8221;4.24.0&#8243; _module_preset=&#8221;default&#8221; global_colors_info=&#8221;{}&#8221;][et_pb_fullwidth_slider show_arrows=&#8221;off&#8221; show_pagination=&#8221;off&#8221; _builder_version=&#8221;4.24.3&#8243; _module_preset=&#8221;default&#8221; header_level=&#8221;h1&#8243; header_font=&#8221;Inter||||||||&#8221; header_text_align=&#8221;left&#8221; header_font_size=&#8221;50px&#8221; body_font=&#8221;Inter||||||||&#8221; body_text_align=&#8221;left&#8221; body_font_size=&#8221;25px&#8221; custom_button=&#8221;on&#8221; button_text_size=&#8221;16px&#8221; button_text_color=&#8221;#ffffff&#8221; button_bg_color=&#8221;gcid-95530a2b-5e91-45c7-8ffb-59bb0a37f154&#8243; button_border_width=&#8221;0px&#8221; button_font=&#8221;Inter||||||||&#8221; button_alignment=&#8221;left&#8221; height_tablet=&#8221;&#8221; height_phone=&#8221;60vh&#8221; height_last_edited=&#8221;on|phone&#8221; max_height_tablet=&#8221;&#8221; max_height_phone=&#8221;60vh&#8221; max_height_last_edited=&#8221;on|phone&#8221; global_colors_info=&#8221;{%22gcid-95530a2b-5e91-45c7-8ffb-59bb0a37f154%22:%91%22button_bg_color%22%93}&#8221;][et_pb_slide heading=&#8221;Reindeer Meat Recipes&#8221; _builder_version=&#8221;4.24.2&#8243; _module_preset=&#8221;default&#8221; background_enable_color=&#8221;off&#8221; background_image=&#8221;https:\/\/pokkareindeermeat.com\/wp-content\/uploads\/2024\/02\/pokka_reindeer-meat_29.webp&#8221; background_enable_image=&#8221;on&#8221; background_size=&#8221;stretch&#8221; custom_button=&#8221;on&#8221; button_text_color=&#8221;gcid-4ca9fcd2-80ab-4ebb-8b8c-cbc710883478&#8243; background_last_edited=&#8221;on|phone&#8221; background_size_phone=&#8221;cover&#8221; background_position_phone=&#8221;center_right&#8221; global_colors_info=&#8221;{%22gcid-4ca9fcd2-80ab-4ebb-8b8c-cbc710883478%22:%91%22button_text_color%22%93}&#8221; sticky_transition=&#8221;on&#8221;]Pokka Reindeer Meat<\/p>\n<p>Since 1969[\/et_pb_slide][\/et_pb_fullwidth_slider][\/et_pb_section][et_pb_section fb_built=&#8221;1&#8243; _builder_version=&#8221;4.24.2&#8243; _module_preset=&#8221;default&#8221; background_color=&#8221;#FFFFFF&#8221; custom_padding=&#8221;0px||0px||false|false&#8221; global_colors_info=&#8221;{}&#8221;][et_pb_row _builder_version=&#8221;4.24.2&#8243; _module_preset=&#8221;default&#8221; custom_padding=&#8221;||||false|false&#8221; global_colors_info=&#8221;{}&#8221;][et_pb_column type=&#8221;4_4&#8243; _builder_version=&#8221;4.24.0&#8243; _module_preset=&#8221;default&#8221; global_colors_info=&#8221;{}&#8221;][et_pb_text _builder_version=&#8221;4.24.3&#8243; _module_preset=&#8221;default&#8221; text_font=&#8221;Inter|300|||||||&#8221; text_text_color=&#8221;gcid-bc0cabfc-74a6-44b3-8d4b-f623405de816&#8243; text_font_size=&#8221;20px&#8221; header_2_font=&#8221;Inter|300|||||||&#8221; header_2_text_align=&#8221;justify&#8221; header_2_text_color=&#8221;#FFFFFF&#8221; background_enable_color=&#8221;off&#8221; max_width_tablet=&#8221;&#8221; max_width_phone=&#8221;&#8221; max_width_last_edited=&#8221;on|desktop&#8221; hover_enabled=&#8221;0&#8243; text_font_tablet=&#8221;Inter|300|||||||&#8221; text_font_phone=&#8221;Inter|300|||||||&#8221; text_font_last_edited=&#8221;on|phone&#8221; text_text_color_tablet=&#8221;gcid-bc0cabfc-74a6-44b3-8d4b-f623405de816&#8243; text_text_color_phone=&#8221;gcid-bc0cabfc-74a6-44b3-8d4b-f623405de816&#8243; text_text_color_last_edited=&#8221;on|phone&#8221; text_letter_spacing_tablet=&#8221;&#8221; text_letter_spacing_phone=&#8221;0px&#8221; text_letter_spacing_last_edited=&#8221;on|desktop&#8221; header_2_font_tablet=&#8221;Inter|300|||||||&#8221; header_2_font_phone=&#8221;Inter|300|||||||&#8221; header_2_font_last_edited=&#8221;on|phone&#8221; header_2_text_align_tablet=&#8221;justify&#8221; header_2_text_align_phone=&#8221;justify&#8221; header_2_text_align_last_edited=&#8221;on|phone&#8221; header_2_font_size_tablet=&#8221;&#8221; header_2_font_size_phone=&#8221;&#8221; header_2_font_size_last_edited=&#8221;on|phone&#8221; border_color_all=&#8221;RGBA(255,255,255,0)&#8221; global_colors_info=&#8221;{%22gcid-bc0cabfc-74a6-44b3-8d4b-f623405de816%22:%91%22text_text_color%22%93}&#8221; sticky_enabled=&#8221;0&#8243;]<p2 style=\"font-size: 20px; font-family: Inter, sans-serif; font-weight: 300; color: black; font-style: light;\">Tutustu poronlihan monipuolisiin mahdollisuuksiin. Helppok\u00e4ytt\u00f6isill\u00e4 resepteill\u00e4mme valmistat ilahduttavia ruokia, jotka j\u00e4tt\u00e4v\u00e4t vaikutuksen. Olet sitten kokenut ammattikokki tai innokas kotikokki, poronlihareseptikokoelmamme tarjoaa monipuolisia vaihtoehtoja ja herkullisia makuel\u00e4myksi\u00e4. Pihveist\u00e4 carbonara-pastaan, jokainen ruokalaji juhlistaa t\u00e4m\u00e4n ainutlaatuisen raaka-aineen makua.\n<\/p2>[\/et_pb_text][\/et_pb_column][\/et_pb_row][\/et_pb_section][et_pb_section fb_built=&#8221;1&#8243; admin_label=&#8221;Header &#038; Blog&#8221; _builder_version=&#8221;4.24.0&#8243; _module_preset=&#8221;default&#8221; custom_padding=&#8221;0px||0px||false|false&#8221; collapsed=&#8221;on&#8221; global_colors_info=&#8221;{}&#8221;][et_pb_row _builder_version=&#8221;4.22.0&#8243; _module_preset=&#8221;default&#8221; global_colors_info=&#8221;{}&#8221;][et_pb_column type=&#8221;4_4&#8243; _builder_version=&#8221;4.22.0&#8243; _module_preset=&#8221;default&#8221; global_colors_info=&#8221;{}&#8221;][et_pb_blog posts_number=&#8221;50&#8243; include_categories=&#8221;110&#8243; use_manual_excerpt=&#8221;off&#8221; excerpt_length=&#8221;0&#8243; show_date=&#8221;off&#8221; show_categories=&#8221;off&#8221; _builder_version=&#8221;4.24.3&#8243; _module_preset=&#8221;6b2b3155-6c52-47a0-8d0b-f3e919ce4c47&#8243; header_font=&#8221;Inter||||||||&#8221; header_text_align=&#8221;center&#8221; header_font_size=&#8221;24px&#8221; body_text_color=&#8221;gcid-bc0cabfc-74a6-44b3-8d4b-f623405de816&#8243; meta_text_color=&#8221;gcid-4ca9fcd2-80ab-4ebb-8b8c-cbc710883478&#8243; meta_font_size=&#8221;16px&#8221; custom_padding_tablet=&#8221;&#8221; custom_padding_phone=&#8221;&#8221; custom_padding_last_edited=&#8221;on|desktop&#8221; header_font_size_tablet=&#8221;24px&#8221; header_font_size_phone=&#8221;24px&#8221; header_font_size_last_edited=&#8221;on|phone&#8221; custom_css_free_form=&#8221;.et_pb_image_container {||  margin: 0;||}&#8221; border_color_all=&#8221;gcid-95530a2b-5e91-45c7-8ffb-59bb0a37f154&#8243; locked=&#8221;off&#8221; global_colors_info=&#8221;{%22gcid-95530a2b-5e91-45c7-8ffb-59bb0a37f154%22:%91%22border_color_all%22,%22pagination_text_color%22,%22border_color_all%22,%22pagination_text_color%22,%22border_color_all%22%93,%22gcid-4ca9fcd2-80ab-4ebb-8b8c-cbc710883478%22:%91%22meta_text_color%22%93,%22gcid-bc0cabfc-74a6-44b3-8d4b-f623405de816%22:%91%22body_text_color%22%93}&#8221;][\/et_pb_blog][\/et_pb_column][\/et_pb_row][\/et_pb_section]<\/p>","protected":false},"excerpt":{"rendered":"<p>Tutustu poronlihan monipuolisiin mahdollisuuksiin. Helppok\u00e4ytt\u00f6isill\u00e4 resepteill\u00e4mme valmistat ilahduttavia ruokia, jotka j\u00e4tt\u00e4v\u00e4t vaikutuksen. Olet sitten kokenut ammattikokki tai innokas kotikokki, poronlihareseptikokoelmamme tarjoaa monipuolisia vaihtoehtoja ja herkullisia makuel\u00e4myksi\u00e4. Pihveist\u00e4 carbonara-pastaan, jokainen ruokalaji juhlistaa t\u00e4m\u00e4n ainutlaatuisen raaka-aineen makua.<\/p>","protected":false},"author":2,"featured_media":32281,"parent":0,"menu_order":7,"comment_status":"closed","ping_status":"closed","template":"","meta":{"_et_pb_use_builder":"on","_et_pb_old_content":"","_et_gb_content_width":"","footnotes":""},"class_list":["post-32437","page","type-page","status-publish","has-post-thumbnail","hentry"],"_links":{"self":[{"href":"https:\/\/pokkareindeermeat.com\/fi\/wp-json\/wp\/v2\/pages\/32437","targetHints":{"allow":["GET"]}}],"collection":[{"href":"https:\/\/pokkareindeermeat.com\/fi\/wp-json\/wp\/v2\/pages"}],"about":[{"href":"https:\/\/pokkareindeermeat.com\/fi\/wp-json\/wp\/v2\/types\/page"}],"author":[{"embeddable":true,"href":"https:\/\/pokkareindeermeat.com\/fi\/wp-json\/wp\/v2\/users\/2"}],"replies":[{"embeddable":true,"href":"https:\/\/pokkareindeermeat.com\/fi\/wp-json\/wp\/v2\/comments?post=32437"}],"version-history":[{"count":44,"href":"https:\/\/pokkareindeermeat.com\/fi\/wp-json\/wp\/v2\/pages\/32437\/revisions"}],"predecessor-version":[{"id":35419,"href":"https:\/\/pokkareindeermeat.com\/fi\/wp-json\/wp\/v2\/pages\/32437\/revisions\/35419"}],"wp:featuredmedia":[{"embeddable":true,"href":"https:\/\/pokkareindeermeat.com\/fi\/wp-json\/wp\/v2\/media\/32281"}],"wp:attachment":[{"href":"https:\/\/pokkareindeermeat.com\/fi\/wp-json\/wp\/v2\/media?parent=32437"}],"curies":[{"name":"wp","href":"https:\/\/api.w.org\/{rel}","templated":true}]}}